{"id":37,"date":"2019-04-26T08:49:18","date_gmt":"2019-04-26T08:49:18","guid":{"rendered":"http:\/\/loderit.de\/?page_id=37"},"modified":"2019-05-28T13:51:18","modified_gmt":"2019-05-28T13:51:18","slug":"das-nachrichten-buch","status":"publish","type":"page","link":"http:\/\/Bernd-Peter-Arnold.de\/?page_id=37","title":{"rendered":"Das Nachrichten Buch"},"content":{"rendered":"\n<ul class=\"wp-block-gallery columns-1 is-cropped\"><li class=\"blocks-gallery-item\"><figure><img loading=\"lazy\" width=\"283\" height=\"420\" src=\"http:\/\/Bernd-Peter-Arnold.de\/wp-content\/uploads\/2019\/05\/Nachrichten1.jpg\" alt=\"\" data-id=\"63\" data-link=\"http:\/\/Bernd-Peter-Arnold.de\/?attachment_id=63\" class=\"wp-image-63\" srcset=\"http:\/\/Bernd-Peter-Arnold.de\/wp-content\/uploads\/2019\/05\/Nachrichten1.jpg 283w, http:\/\/Bernd-Peter-Arnold.de\/wp-content\/uploads\/2019\/05\/Nachrichten1-202x300.jpg 202w\" sizes=\"(max-width: 283px) 100vw, 283px\" \/><\/figure><\/li><\/ul>\n\n\n\n<p><strong>Bernd-Peter Arnold:<br>Nachrichten \u2013 Schl\u00fcssel zu aller Information<br><\/strong>Baden-Baden 2016 (NOMOS-Verlag):<\/p>\n\n\n\n<p>Mein neues Buch \u201eNachrichten\u201c \u2013 Schl\u00fcssel zu aller Information ist soeben im NOMOS-Verlag erschienen. Es w\u00fcrde mich sehr freuen, wenn es Ihr Interesse f\u00e4nde. Das nachfolgende Inhaltsverzeichnis gibt Ihnen einen \u00dcberblick \u00fcber die behandelten Themen. Das ebenfalls angef\u00fcgte Vorwort zeigt zum einen, an welche Zielgruppen sich das Buch richtet und wie es inhaltlich konzipiert ist.<br><strong>Inhaltsverzeichnis<\/strong><\/p>\n\n\n\n<p>Zu diesem Buch (9)<br>Kapitel 1: Nachrichten heute (11)<br>Kapitel 2: Vom Ereignis zur Medienrealit\u00e4t \u2013 Wie Journalisten die Welt sehen (27)<br>Kapitel 3: Googeln gen\u00fcgt nicht \u2013 die Quellen der Nachrichten\u201c (37)<br>Kapitel 4: Wichtigste und schwierigste journalistische Aufgabe \u2013 die Nachrichtenselektion (57)<br>Kapitel 5: Die Sage vom unabh\u00e4ngigen Journalisten \u2013 Au\u00dfenbeeinflussung der Nachrichtengebung (83)<br>Kapitel 6: Wenn alle Agenturen gleichzeitig klingeln \u2013 Nachrichtengebung in Krisenzeiten (97)<br>Kapitel 7: Zwischen Bewunderung und Verachtung \u2013 Die Nachrichtenmacher (109)<br>Kapitel 8: Skandale \u2013 Kampagnen \u2013 Vorverurteilungen (123)<br>Kapitel 9: Form vor Inhalt oder Inhalt vor Form \u2013 Gestaltung von Nachrichten (129)<br>Kapitel 10: Ein \u00fcberholter Grundsatz? \u2013 Die Trennung von Nachricht und Meinung (151)<br>Kapitel 11: Der Zwang zu Auflage und Quote \u2013 Infotainment und Boulevard (157)<br>Kapitel 12: N\u00e4he braucht der Mensch \u2013 Die gro\u00dfe Bedeutung von Lokal- und Regionalnachrichten (167)<br>Kapitel 13: Werden die Medien \u00fcbersch\u00e4tzt? \u2013 Die Wirkung der Informationsmedien (175)<br>Kapitel 14: Meinungsfreiheit deckt nicht Normenbruch \u2013 Die Grenzen der Nachrichtengebung (185)<br>Literaturverzeichnis (191)<br>Stichwortregister (195)<br>Personenregister (199)<\/p>\n\n\n\n<p><strong>News<\/strong><\/p>\n\n\n\n<p>Put it before them briefly \u2013 so they will read it.<br>Put it before them clearly \u2013 so they will appreciate it.<br>Put it before them picturesquely \u2013 so they will remember it.<br>And above all: Put it before them accurately \u2013 so they will be guided by its light.<\/p>\n\n\n\n<p>Sinngem\u00e4\u00df \u00fcbersetzt:<\/p>\n\n\n\n<p>Man pr\u00e4sentiere die Nachricht kurz \u2013 dann wird sie gelesen.<br>Man pr\u00e4sentiere die Nachricht klar \u2013 dann wird sie gesch\u00e4tzt.<br>Man pr\u00e4sentiere die Nachricht bildhaft \u2013 dann behalten die Leser sie in Erinnerung.<br>Und vor allem: Man pr\u00e4sentiere die Nachricht korrekt \u2013 dann werden die Leser von ihrem Licht geleitet.<\/p>\n\n\n\n<p>(Joseph Pulitzer)<\/p>\n\n\n\n<p><strong>Zu diesem Buch<\/strong><\/p>\n\n\n\n<p>Der Satz \u201eDie heutige Gesellschaft ist eine Informationsgesellschaft\u201c st\u00f6\u00dft in der Regel auf spontane Zustimmung \u2013 praktisch unabh\u00e4ngig davon, in welchem Kreis er ausgesprochen wird. Die Frage jedoch, ob wir uns auch in einer \u201einformierten\u201c Gesellschaft befinden, sollte Skepsis, zumindest aber intensives Nachdenken ausl\u00f6sen. Nat\u00fcrlich sind wir t\u00e4glich einer gewaltigen Flut von Informationen ausgesetzt \u2013 ob wir diese nun bewusst wahrnehmen durch aktive Mediennutzung oder indirekt, weil sie \u201eeinfach da sind\u201c. Die Flut der Informationen zu kanalisieren, das Wesentliche auszuw\u00e4hlen und f\u00fcr den Adressaten verst\u00e4ndlich aufzubereiten, ist die Aufgabe der traditionellen Nachrichtenmedien Zeitung, Radio und Fernsehen. Werden diese Medien ihrer Aufgaben in Zeiten neuer Medien noch gerecht? Haben sie ihre Funktion eingeb\u00fc\u00dft? M\u00fcssen sie sich neuen Herausforderungen stellen und wie sehen diese gegebenenfalls aus?<br>Sicher ist, dass zumindest die elektronischen Nachrichtenmedien Radio und Fernsehen heute h\u00f6here Nutzungswerte aufweisen als je zuvor in ihrer Geschichte. Zeitungen suchen und finden Wege, sich trotz wachsender Konkurrenz, nicht zuletzt durch neue Vermarktungsstrategien f\u00fcr ihre Onlineangebote, als wichtige Nachrichtenmedien zu behaupten.<br>Die st\u00e4ndige zuverl\u00e4ssige Information \u00fcber das aktuelle Geschehen wird auch in Zukunft Aufgabe professioneller Nachrichtenjournalisten sein. Alles, was \u00fcber pers\u00f6nliches Erleben, pers\u00f6nliche Befindlichkeit und eigene Meinung hinausgeht, erf\u00e4hrt der Interessierte aus Nachrichtenmedien, deren Inhalte von Journalisten gestaltet werden \u2013 unabh\u00e4ngig von den technischen Verbreitungswegen. Ob Radio und Fernsehen \u00fcber die Antenne oder das Internet empfangen, ob die Zeitung in gedruckter Form oder als Online-Ausgabe gelesen wird, ist dabei letztlich nachrangig.<br>Deshalb ein Buch mit dem Titel \u201eNachrichten\u201c. Der Untertitel \u201eSchl\u00fcssel zu aller Information\u201c soll Hinweis darauf sein, dass ohne die aktuelle Nachricht alle anderen Formen der Informationsvermittlung keinen Sinn machen. Ob Hintergrundbericht, Reportage, Interview oder Kommentar \u2013 ohne vorangehende Nachricht k\u00f6nnte es diese Komplement\u00e4rformen gar nicht geben.<br>Die Grundidee des Buches besteht darin, sowohl Medienmacher als auch professionelle Mediennutzer anzusprechen. Es soll eine Art \u201eLehrbuch\u201c f\u00fcr \u201ebeide Seiten\u201c sein, die in ihrer t\u00e4glichen Arbeit mit Nachrichten zu tun haben.<br>Grund f\u00fcr diesen Ansatz ist, dass in einer modernen Industriegesellschaft die Entscheidungstr\u00e4ger auf allen Ebenen die Informationsstrukturen kennen m\u00fcssen, um einerseits Informationen f\u00fcr sich zu nutzen, zum anderen aber auch, bei der Vermittlung von Informationen \u00fcber den eigenen Wirkungsbereich nach au\u00dfen Fehler zu vermeiden. Wer in der Gesellschaft Verantwortung tr\u00e4gt, soll die Chance erhalten, Arbeitsweise und Wirkung der Nachrichtenmedien kennenzulernen \u2013 die erste wichtige Zielgruppe.<\/p>\n\n\n\n<p>Mediennutzer aus Politik und Wirtschaft sollen die \u201eSpielregeln\u201c des \u201eNachrichtengesch\u00e4fts\u201c kennenlernen, um sowohl passiv als auch aktiv besser mit Informationen umgehen zu k\u00f6nnen \u2013 eine weitere Zielgruppe. Zugleich sollen Angeh\u00f6rige von Kommunikationsberufen mehr \u00fcber die Hintergr\u00fcnde und die Wirkung ihrer Arbeit erfahren. Medienmachern fehlt nicht selten der kommunikationswissenschaftliche Hintergrund ihrer Arbeit.<\/p>\n\n\n\n<p>Adressaten des Buches sind also sowohl Medienmacher als auch Mediennutzer. Hinzu kommen die \u00d6ffentlichkeitsarbeiter in Wirtschaft, Politik, Verb\u00e4nden und anderen Organisationen. Als Lehrbuch f\u00fcr die Praxis enth\u00e4lt es, neben den klassischen Handwerksregeln, auch zeitgem\u00e4\u00dfe Vermittlungsformen zum besseren Verst\u00e4ndnis von Information.<\/p>\n\n\n\n<p>Insofern bietet dieses Buch \u201eHandreichungen\u201c f\u00fcr Nachrichtennutzer, insbesondere im professionellen Bereich. In erheblichem Umfang will es aber auch Anleitung f\u00fcr Studierende, Volont\u00e4re und Berufsanf\u00e4nger sein \u2013 dies in einer Mischung aus Handwerksregeln mit zahlreichen Beispielen aus der Praxis und mit theoretischem Hintergrund.<\/p>\n\n\n\n<p>Die Gliederung des Buches soll es erm\u00f6glichen, jedes Kapitel in beliebiger Reihenfolge auch einzeln zu lesen. Die dadurch entstehenden inhaltlichen Redundanzen sind also beabsichtigt. Zitate aus englischsprachigen Quellen wurden in den meisten F\u00e4llen ins Deutsche \u00fcbersetzt, gelegentlich werden auch kurze Texte in englischem Original wiedergegeben, um die Pr\u00e4gnanz der Aussagen nicht durch \u00dcbersetzung zu verw\u00e4ssern.<\/p>\n\n\n\n<p>Eine Bemerkung zum Schluss: Der Verfasser hat sich \u00fcber viele Jahrzehnte in Leitungsfunktionen einer \u00f6ffentlich-rechtlichen Rundfunkanstalt erfolgreich f\u00fcr die Chancengleichheit der Geschlechter eingesetzt. Er bittet dennoch Leserinnen und Leser um Nachsicht, dass er in dem vorliegenden Buch auf die Verwendung der m\u00e4nnlichen und der weiblichen Form bei vielen Begriffen im Sinne einer Vereinfachung des Textes verzichtet.<\/p>\n","protected":false},"excerpt":{"rendered":"<p>Bernd-Peter Arnold:Nachrichten \u2013 Schl\u00fcssel zu aller InformationBaden-Baden 2016 (NOMOS-Verlag): Mein neues Buch \u201eNachrichten\u201c \u2013 Schl\u00fcssel zu aller Information ist soeben im NOMOS-Verlag erschienen. Es w\u00fcrde mich sehr freuen, wenn es Ihr Interesse f\u00e4nde. Das nachfolgende Inhaltsverzeichnis gibt Ihnen einen \u00dcberblick \u00fcber die behandelten Themen. Das ebenfalls angef\u00fcgte Vorwort zeigt zum einen, an welche Zielgruppen sich [&hellip;]<\/p>\n","protected":false},"author":1,"featured_media":0,"parent":0,"menu_order":0,"comment_status":"closed","ping_status":"closed","template":"","meta":[],"_links":{"self":[{"href":"http:\/\/Bernd-Peter-Arnold.de\/index.php?rest_route=\/wp\/v2\/pages\/37"}],"collection":[{"href":"http:\/\/Bernd-Peter-Arnold.de\/index.php?rest_route=\/wp\/v2\/pages"}],"about":[{"href":"http:\/\/Bernd-Peter-Arnold.de\/index.php?rest_route=\/wp\/v2\/types\/page"}],"author":[{"embeddable":true,"href":"http:\/\/Bernd-Peter-Arnold.de\/index.php?rest_route=\/wp\/v2\/users\/1"}],"replies":[{"embeddable":true,"href":"http:\/\/Bernd-Peter-Arnold.de\/index.php?rest_route=%2Fwp%2Fv2%2Fcomments&post=37"}],"version-history":[{"count":3,"href":"http:\/\/Bernd-Peter-Arnold.de\/index.php?rest_route=\/wp\/v2\/pages\/37\/revisions"}],"predecessor-version":[{"id":64,"href":"http:\/\/Bernd-Peter-Arnold.de\/index.php?rest_route=\/wp\/v2\/pages\/37\/revisions\/64"}],"wp:attachment":[{"href":"http:\/\/Bernd-Peter-Arnold.de\/index.php?rest_route=%2Fwp%2Fv2%2Fmedia&parent=37"}],"curies":[{"name":"wp","href":"https:\/\/api.w.org\/{rel}","templated":true}]}}