{"id":2,"date":"2016-05-10T03:48:21","date_gmt":"2016-05-10T03:48:21","guid":{"rendered":"http:\/\/loderit.de\/?page_id=2"},"modified":"2021-09-07T10:50:07","modified_gmt":"2021-09-07T10:50:07","slug":"sample-page","status":"publish","type":"page","link":"http:\/\/Bernd-Peter-Arnold.de\/","title":{"rendered":"Willkommen auf der Homepage von Bernd-Peter Arnold"},"content":{"rendered":"\n<figure class=\"wp-block-image is-resized\"><img loading=\"lazy\" src=\"http:\/\/Bernd-Peter-Arnold.de\/wp-content\/uploads\/2019\/05\/Download.jpg\" alt=\"\" class=\"wp-image-55\" width=\"311\" height=\"467\"\/><\/figure>\n\n\n<header class=\"entry-header\">\n<h1 class=\"entry-title\"><strong style=\"font-size: inherit; color: #191e23;\">Verehrte Besucherin, verehrter Besucher,<\/strong><\/h1>\n<\/header>\n<div class=\"entry-content\">\n<p>ich begr\u00fcsse Sie herzlich auf meiner Homepage und freue mich sehr, dass Sie sich f\u00fcr meine Arbeit interessieren.<\/p>\n<p>Sie finden neben Informationen zu Person und Werdegang vor allem meine bisherigen Publikationen. Diese sind insbesondere bei neueren Ver\u00f6ffentlichungen erg\u00e4nzt durch kurze Inhaltsangaben. So k\u00f6nnen Sie selbst entscheiden, ob Sie das Werk zur Hand nehmen m\u00f6chten.<\/p>\n<p>Von Zeit zu Zeit finden Sie auch aktuelle Kommentare zu medienpolitischen, allegemeinpolitischen oder medienwissenschaftlichen Themen.<\/p>\n<p>\u00dcber Anregungen, Hinweise und selbstverst\u00e4ndlich \u00fcber Kritik freue ich mich.<\/p>\n<p>Mit freundlichen Gr\u00fcssen<\/p>\n<p>Bernd-Peter Arnold<\/p>\n<p><a href=\"http:\/\/bernd-peter-arnold.de\/?page_id=12\">HIER K\u00d6NNEN SIE SICH \u00dcBER MEIN NEUES BUCH INFORMIEREN<\/a><\/p>\n<\/div>\n\n\n<p>&#8222;Die uninformierte Gesellschaft&#8220;<\/p>\n\n\n\n<p>Erschienen September 2021 im Cuvillier Verlag G\u00f6ttingen<\/p>\n\n\n\n<p>https:\/\/cuvillier.de\/de\/shop\/publications\/8511-die-uninformierte-gesellschaft<\/p>\n\n\n\n<p>Einzelheiten folgen hier in K\u00fcrze<\/p>\n\n\n\n<p><\/p>\n","protected":false},"excerpt":{"rendered":"<p>Verehrte Besucherin, verehrter Besucher, ich begr\u00fcsse Sie herzlich auf meiner Homepage und freue mich sehr, dass Sie sich f\u00fcr meine Arbeit interessieren. Sie finden neben Informationen zu Person und Werdegang vor allem meine bisherigen Publikationen. Diese sind insbesondere bei neueren Ver\u00f6ffentlichungen erg\u00e4nzt durch kurze Inhaltsangaben. So k\u00f6nnen Sie selbst entscheiden, ob Sie das Werk zur [&hellip;]<\/p>\n","protected":false},"author":1,"featured_media":0,"parent":0,"menu_order":0,"comment_status":"closed","ping_status":"open","template":"","meta":[],"_links":{"self":[{"href":"http:\/\/Bernd-Peter-Arnold.de\/index.php?rest_route=\/wp\/v2\/pages\/2"}],"collection":[{"href":"http:\/\/Bernd-Peter-Arnold.de\/index.php?rest_route=\/wp\/v2\/pages"}],"about":[{"href":"http:\/\/Bernd-Peter-Arnold.de\/index.php?rest_route=\/wp\/v2\/types\/page"}],"author":[{"embeddable":true,"href":"http:\/\/Bernd-Peter-Arnold.de\/index.php?rest_route=\/wp\/v2\/users\/1"}],"replies":[{"embeddable":true,"href":"http:\/\/Bernd-Peter-Arnold.de\/index.php?rest_route=%2Fwp%2Fv2%2Fcomments&post=2"}],"version-history":[{"count":5,"href":"http:\/\/Bernd-Peter-Arnold.de\/index.php?rest_route=\/wp\/v2\/pages\/2\/revisions"}],"predecessor-version":[{"id":77,"href":"http:\/\/Bernd-Peter-Arnold.de\/index.php?rest_route=\/wp\/v2\/pages\/2\/revisions\/77"}],"wp:attachment":[{"href":"http:\/\/Bernd-Peter-Arnold.de\/index.php?rest_route=%2Fwp%2Fv2%2Fmedia&parent=2"}],"curies":[{"name":"wp","href":"https:\/\/api.w.org\/{rel}","templated":true}]}}